{"id":14321,"date":"2021-10-07T19:12:39","date_gmt":"2021-10-07T19:12:39","guid":{"rendered":"https:\/\/judithfanto.nl\/judith-fanto\/"},"modified":"2024-12-15T16:54:52","modified_gmt":"2024-12-15T15:54:52","slug":"judith-fanto","status":"publish","type":"page","link":"https:\/\/judithfanto.nl\/de\/judith-fanto\/","title":{"rendered":"Judith Fanto"},"content":{"rendered":"<p>[et_pb_section fb_built=&#8220;1&#8243; _builder_version=&#8220;4.16&#8243; _module_preset=&#8220;default&#8220; background_color=&#8220;#5A6159&#8243; custom_margin=&#8220;||||false|false&#8220; custom_padding=&#8220;50px||125px||false|false&#8220; global_colors_info=&#8220;{}&#8220;][et_pb_row column_structure=&#8220;1_2,1_2&#8243; use_custom_gutter=&#8220;on&#8220; _builder_version=&#8220;4.16&#8243; _module_preset=&#8220;default&#8220; max_width=&#8220;1200px&#8220; global_colors_info=&#8220;{}&#8220;][et_pb_column type=&#8220;1_2&#8243; _builder_version=&#8220;4.16&#8243; _module_preset=&#8220;default&#8220; global_colors_info=&#8220;{}&#8220;][et_pb_image src=&#8220;https:\/\/judithfanto.nl\/wp-content\/uploads\/2021\/09\/Judith-Fanto-spreker-schrijver-over-Judith.jpg&#8220; alt=&#8220;Judith Fanto Sprecherin und Autorin&#8220; _builder_version=&#8220;4.16&#8243; _module_preset=&#8220;default&#8220; custom_margin=&#8220;||||false|false&#8220; custom_margin_tablet=&#8220;75px||||false|false&#8220; custom_margin_phone=&#8220;100px||||false|false&#8220; custom_margin_last_edited=&#8220;on|tablet&#8220; custom_padding=&#8220;||||false|false&#8220; global_colors_info=&#8220;{}&#8220;][\/et_pb_image][\/et_pb_column][et_pb_column type=&#8220;1_2&#8243; _builder_version=&#8220;4.16&#8243; _module_preset=&#8220;default&#8220; global_colors_info=&#8220;{}&#8220;][et_pb_image src=&#8220;https:\/\/judithfanto.nl\/wp-content\/uploads\/2021\/10\/Judith-Fanto-Sprecherin-und-Autorin.png&#8220; alt=&#8220;Judith Fanto Sprecherin und Autorin&#8220; src_tablet=&#8220;&#8220; src_phone=&#8220;&#8220; src_last_edited=&#8220;on|phone&#8220; _builder_version=&#8220;4.16&#8243; _module_preset=&#8220;default&#8220; width=&#8220;400px&#8220; width_tablet=&#8220;&#8220; width_phone=&#8220;300px&#8220; width_last_edited=&#8220;on|phone&#8220; global_colors_info=&#8220;{}&#8220;][\/et_pb_image][et_pb_text _builder_version=&#8220;4.16&#8243; _module_preset=&#8220;default&#8220; text_font=&#8220;||||||||&#8220; text_text_color=&#8220;#DCDCDC&#8220; max_width=&#8220;85%&#8220; max_width_tablet=&#8220;&#8220; max_width_phone=&#8220;95%&#8220; max_width_last_edited=&#8220;on|phone&#8220; global_colors_info=&#8220;{}&#8220;]<\/p>\n<p>Judith Fanto w\u00e4chst in einer akademischen und liberalen Umgebung auf. Weil sie glaubte, in nichts au\u00dfer in Sprachen besonders begabt zu sein, wollte sie urspr\u00fcnglich Journalistin werden. Ihre Eltern jedoch rieten ihr, mit ihrem Schreibtalent besser in eine Richtung zu gehen, wo sie sp\u00e4ter wenigstens verstehen k\u00f6nne, wor\u00fcber sie schreibt. Also studiert sie Jura, wobei in der Juristerei eine geschmeidige Ausdrucksf\u00e4higkeit zumindest ein Vorteil ist.<br \/>\nJudith Fanto studiert in Nimwegen, London und Amsterdam, heiratet Thomas Wermenbol und nimmt seinen Namen an, weil sie findet, der passe besser zu ihrem Temperament. Postgradual spezialisiert sich Fanto in Medizinrecht, ver\u00f6ffentlicht Artikel in Fachzeitschriften und wurde Chefredakteurin und Mitgr\u00fcnderin des Magazin Eigen! Daneben organisiert sie j\u00fcdische Kulturveranstaltungen und gr\u00fcndet OPA, eine Stiftung die es Kinder mit psychischen Problemen erm\u00f6glicht, sich w\u00e4hrend der Ferien in der freien Natur zu erholen.<\/p>\n<p>[\/et_pb_text][\/et_pb_column][\/et_pb_row][et_pb_row _builder_version=&#8220;4.16&#8243; _module_preset=&#8220;default&#8220; custom_padding=&#8220;25px||||false|false&#8220; global_colors_info=&#8220;{}&#8220;][et_pb_column type=&#8220;4_4&#8243; _builder_version=&#8220;4.16&#8243; _module_preset=&#8220;default&#8220; global_colors_info=&#8220;{}&#8220;][et_pb_text _builder_version=&#8220;4.16&#8243; _module_preset=&#8220;default&#8220; text_font=&#8220;||||||||&#8220; text_text_color=&#8220;#DCDCDC&#8220; max_width_tablet=&#8220;&#8220; max_width_phone=&#8220;95%&#8220; max_width_last_edited=&#8220;on|phone&#8220; global_colors_info=&#8220;{}&#8220;]<\/p>\n<p>Ab 2015 beginnt Judith Fanto ihren lang gehegten Traum zu verwirklichen: einen Roman basierend auf der Geschichte ihrer bunten Wiener j\u00fcdischen Familie zu schreiben. Sie nennt das Buch \u201eViktor\u201c, nach einer der Hauptpersonen in dem Roman: Viktor, der r\u00e4tselhafte Bruder ihres Gro\u00dfvaters, der tats\u00e4chlich existiert hat.<br \/>Als Viktor im M\u00e4rz 2020 im Ambo|Anthos-Verlag erschien, war der Roman sofort ein Erfolg. Viktor wird mit dem Hebban-Literaturpreis f\u00fcr das beste Deb\u00fct des Jahres 2020 ausgezeichnet und f\u00fcr den Buchhandelspreis 2021 nominiert. Viktor erreichte den zweiten Platz auf der deutschen Shortlist der besten zehn B\u00fccher des Jahres 2021.<br \/>Am 25. Februar 2025 erscheint Fantos Roman <em>Narcis<\/em>, der erneut auf wahren Begebenheiten basiert. <em>Narcis<\/em> thematisiert nicht die Familie, sondern die Freundschaft: die selbstgew\u00e4hlte Familie.<\/p>\n<p>[\/et_pb_text][\/et_pb_column][\/et_pb_row][\/et_pb_section][et_pb_section fb_built=&#8220;1&#8243; _builder_version=&#8220;4.16&#8243; _module_preset=&#8220;default&#8220; custom_margin=&#8220;0px||0px||false|false&#8220; custom_padding=&#8220;0px||0px||false|false&#8220; global_colors_info=&#8220;{}&#8220;][et_pb_row use_custom_gutter=&#8220;on&#8220; gutter_width=&#8220;1&#8243; _builder_version=&#8220;4.16&#8243; _module_preset=&#8220;default&#8220; width=&#8220;100%&#8220; max_width=&#8220;100%&#8220; custom_margin=&#8220;0px||0px||false|false&#8220; custom_padding=&#8220;0px||0px||false|false&#8220; global_colors_info=&#8220;{}&#8220;][et_pb_column type=&#8220;4_4&#8243; _builder_version=&#8220;4.16&#8243; _module_preset=&#8220;default&#8220; global_colors_info=&#8220;{}&#8220;][et_pb_image src=&#8220;https:\/\/judithfanto.nl\/wp-content\/uploads\/2021\/09\/Judith-Fanto-spreker-schrijver-tuin-vrienden-familie-over-Judith.jpg&#8220; alt=&#8220;Judith Fanto spreker schrijver tuin vrienden familie over Judith&#8220; _builder_version=&#8220;4.16&#8243; _module_preset=&#8220;default&#8220; custom_margin=&#8220;0px||0px||false|false&#8220; custom_padding=&#8220;0px||0px||false|false&#8220; global_colors_info=&#8220;{}&#8220;][\/et_pb_image][\/et_pb_column][\/et_pb_row][\/et_pb_section][et_pb_section fb_built=&#8220;1&#8243; _builder_version=&#8220;4.16&#8243; _module_preset=&#8220;default&#8220; background_color=&#8220;#aebab9&#8243; custom_margin=&#8220;||0px||false|false&#8220; custom_padding=&#8220;100px||0px||false|false&#8220; saved_tabs=&#8220;all&#8220; global_colors_info=&#8220;{}&#8220;][et_pb_row column_structure=&#8220;1_2,1_2&#8243; _builder_version=&#8220;4.16&#8243; _module_preset=&#8220;default&#8220; custom_margin=&#8220;||0px||false|false&#8220; custom_padding=&#8220;||0px||false|false&#8220; global_colors_info=&#8220;{}&#8220;][et_pb_column type=&#8220;1_2&#8243; _builder_version=&#8220;4.16&#8243; _module_preset=&#8220;default&#8220; global_colors_info=&#8220;{}&#8220;][et_pb_text _builder_version=&#8220;4.16&#8243; _module_preset=&#8220;default&#8220; text_text_color=&#8220;#293133&#8243; custom_margin=&#8220;100px||||false|false&#8220; global_colors_info=&#8220;{}&#8220;]<\/p>\n<h2 style=%22text-align: left;%22><strong>KONTAKT<\/strong><\/h2>\n<p>[\/et_pb_text][et_pb_text _builder_version=&#8220;4.16&#8243; _module_preset=&#8220;default&#8220; custom_margin=&#8220;||||false|false&#8220; custom_padding=&#8220;||||false|false&#8220; border_color_all=&#8220;#5A5A5A&#8220; global_colors_info=&#8220;{}&#8220;]<\/p>\n<p>Wil je Judith Fanto iets vragen of vertellen? Wil je haar boeken als spreker of benaderen voor een schrijfsel? Judith Fanto is het best bereikbaar via de emailadressen van haar uitgever en haar literair agent Kitty Bakker.\u00a0<\/p>\n<p>[\/et_pb_text][et_pb_social_media_follow icon_color=&#8220;#DCDCDC&#8220; _builder_version=&#8220;4.16&#8243; _module_preset=&#8220;default&#8220; global_colors_info=&#8220;{}&#8220;][et_pb_social_media_follow_network social_network=&#8220;instagram&#8220; url=&#8220;https:\/\/www.instagram.com\/judith_fanto\/&#8220; _builder_version=&#8220;4.16&#8243; _module_preset=&#8220;default&#8220; background_color=&#8220;#5A5A5A&#8220; background_enable_color=&#8220;on&#8220; border_radii=&#8220;on|100px|100px|100px|100px&#8220; global_colors_info=&#8220;{}&#8220;]instagram[\/et_pb_social_media_follow_network][et_pb_social_media_follow_network social_network=&#8220;facebook&#8220; url=&#8220;https:\/\/www.facebook.com\/judithgfanto&#8220; _builder_version=&#8220;4.16&#8243; _module_preset=&#8220;default&#8220; background_color=&#8220;#5A5A5A&#8220; background_enable_color=&#8220;on&#8220; border_radii=&#8220;on|100px|100px|100px|100px&#8220; global_colors_info=&#8220;{}&#8220;]facebook[\/et_pb_social_media_follow_network][et_pb_social_media_follow_network social_network=&#8220;linkedin&#8220; url=&#8220;https:\/\/www.linkedin.com\/in\/judithfanto\/&#8220; icon_color=&#8220;#DCDCDC&#8220; _builder_version=&#8220;4.16&#8243; _module_preset=&#8220;default&#8220; background_color=&#8220;#5A5A5A&#8220; background_enable_color=&#8220;on&#8220; border_radii=&#8220;on|100px|100px|100px|100px&#8220; border_color_all=&#8220;#293133&#8243; global_colors_info=&#8220;{}&#8220;]linkedin[\/et_pb_social_media_follow_network][\/et_pb_social_media_follow][et_pb_button button_url=&#8220;https:\/\/judithfanto.nl\/contact\/&#8220; button_text=&#8220;Nach Kontakt&#8220; button_alignment=&#8220;left&#8220; _builder_version=&#8220;4.16&#8243; _module_preset=&#8220;default&#8220; custom_button=&#8220;on&#8220; button_text_color=&#8220;#ffffff&#8220; button_bg_color=&#8220;#000000&#8243; button_icon=&#8220;&#x35;||divi||400&#8243; button_icon_color=&#8220;#ffffff&#8220; button_on_hover=&#8220;off&#8220; custom_margin=&#8220;50px||||false|false&#8220; global_colors_info=&#8220;{}&#8220;][\/et_pb_button][\/et_pb_column][et_pb_column type=&#8220;1_2&#8243; _builder_version=&#8220;4.16&#8243; _module_preset=&#8220;default&#8220; global_colors_info=&#8220;{}&#8220;][et_pb_image src=&#8220;https:\/\/judithfanto.nl\/wp-content\/uploads\/2021\/09\/Silhouette-origineel-Judith-Fanto-schrijver-auteur-spreker-1600&#215;1700-px-transpa.png&#8220; alt=&#8220;Judith Fanto Sprecherin und Autorin&#8220; _builder_version=&#8220;4.16&#8243; _module_preset=&#8220;default&#8220; custom_padding_tablet=&#8220;&#8220; custom_padding_phone=&#8220;75px||||false|false&#8220; custom_padding_last_edited=&#8220;on|phone&#8220; global_colors_info=&#8220;{}&#8220;][\/et_pb_image][\/et_pb_column][\/et_pb_row][\/et_pb_section][et_pb_section fb_built=&#8220;1&#8243; _builder_version=&#8220;4.16&#8243; _module_preset=&#8220;default&#8220; background_color=&#8220;#1a1a1a&#8220; global_colors_info=&#8220;{}&#8220;][et_pb_row _builder_version=&#8220;4.16&#8243; _module_preset=&#8220;default&#8220; global_colors_info=&#8220;{}&#8220;][et_pb_column type=&#8220;4_4&#8243; _builder_version=&#8220;4.16&#8243; _module_preset=&#8220;default&#8220; global_colors_info=&#8220;{}&#8220;][et_pb_text _builder_version=&#8220;4.16&#8243; _module_preset=&#8220;default&#8220; text_text_color=&#8220;#FFFFFF&#8220; text_font_size=&#8220;13px&#8220; global_colors_info=&#8220;{}&#8220;]<\/p>\n<p>Copyright \u00a9 2020-2021 Judith Fanto | Styling &amp; Fotografie <strong><span style=%22color: #ffffff;%22><a href=\"\/\/www.daniellevandongen.nl\/%22\" target=\"%22_blank%22\" rel=\"%22noopener%22 noopener\" style=\"%22color:\">Dani\u00eblle van Dongen<\/a><\/span><\/strong> | Fotografie <strong><span style=%22color: #ffffff;%22><a href=\"\/\/www.medeahuisman.nl\/%22\" target=\"%22_blank%22\" rel=\"%22noopener%22 noopener\" style=\"%22color:\">Medea Huisman<\/a><\/span><\/strong> | Fotografie <span style=%22color: #ffffff;%22><strong><a href=\"\/\/vanbelkomproducties.nl\/%22\" target=\"%22_blank%22\" rel=\"%22noopener%22 noopener\" style=\"%22color:\">Henny van Belkom<\/a><\/strong><\/span> | Webdesign <span style=%22color: #ffffff;%22><strong><a href=\"\/\/www.paulaterpstra.nl\/%22\" target=\"%22_blank%22\" rel=\"%22noopener%22 noopener\" style=\"%22color:\">Paula Terpstra<\/a><\/strong><\/span> | Alle Rechte sind ausdr\u00fccklich vorbehalten. Diese Rechte liegen bei Judith Fanto und\/oder einem verbundenen Unternehmer oder Unternehmen. Es ist nicht gestattet, Texte, Bilder, Logos, Videoinhalte, Zeichnungen und\/oder anderes urheberrechtlich gesch\u00fctztes Material auf dieser Website ohne vorherige schriftliche Genehmigung von Judith Fanto zu kopieren, zu reproduzieren, zu speichern oder anderweitig \u00f6ffentlich zu machen. Die Judith Fanto-Website enth\u00e4lt auch Fotos, die dem Urheberrecht Dritter unterliegen. Missbrauch und Verletzung der Rechte von Judith Fanto werden aktiv aufgedeckt und behandelt. Wer dagegen verst\u00f6\u00dft, ist zum Ersatz des entstandenen Schadens, der entstandenen Ermittlungskosten und der Kosten der Rechtshilfe verpflichtet.<\/p>\n<p>[\/et_pb_text][\/et_pb_column][\/et_pb_row][\/et_pb_section]<\/p>\n","protected":false},"excerpt":{"rendered":"<p>Judith Fanto w\u00e4chst in einer akademischen und liberalen Umgebung auf. Weil sie glaubte, in nichts au\u00dfer in Sprachen besonders begabt zu sein, wollte sie urspr\u00fcnglich Journalistin werden. Ihre Eltern jedoch rieten ihr, mit ihrem Schreibtalent besser in eine Richtung zu gehen, wo sie sp\u00e4ter wenigstens verstehen k\u00f6nne, wor\u00fcber sie schreibt. Also studiert sie Jura, wobei [&hellip;]<\/p>\n","protected":false},"author":5,"featured_media":0,"parent":0,"menu_order":0,"comment_status":"closed","ping_status":"closed","template":"","meta":{"_et_pb_use_builder":"on","_et_pb_old_content":"","_et_gb_content_width":"","footnotes":""},"class_list":["post-14321","page","type-page","status-publish","hentry"],"_links":{"self":[{"href":"https:\/\/judithfanto.nl\/de\/wp-json\/wp\/v2\/pages\/14321","targetHints":{"allow":["GET"]}}],"collection":[{"href":"https:\/\/judithfanto.nl\/de\/wp-json\/wp\/v2\/pages"}],"about":[{"href":"https:\/\/judithfanto.nl\/de\/wp-json\/wp\/v2\/types\/page"}],"author":[{"embeddable":true,"href":"https:\/\/judithfanto.nl\/de\/wp-json\/wp\/v2\/users\/5"}],"replies":[{"embeddable":true,"href":"https:\/\/judithfanto.nl\/de\/wp-json\/wp\/v2\/comments?post=14321"}],"version-history":[{"count":11,"href":"https:\/\/judithfanto.nl\/de\/wp-json\/wp\/v2\/pages\/14321\/revisions"}],"predecessor-version":[{"id":14971,"href":"https:\/\/judithfanto.nl\/de\/wp-json\/wp\/v2\/pages\/14321\/revisions\/14971"}],"wp:attachment":[{"href":"https:\/\/judithfanto.nl\/de\/wp-json\/wp\/v2\/media?parent=14321"}],"curies":[{"name":"wp","href":"https:\/\/api.w.org\/{rel}","templated":true}]}}