{"id":14330,"date":"2021-10-08T11:56:19","date_gmt":"2021-10-08T11:56:19","guid":{"rendered":"https:\/\/judithfanto.nl\/in-den-medien\/"},"modified":"2021-10-11T12:20:33","modified_gmt":"2021-10-11T12:20:33","slug":"in-den-medien","status":"publish","type":"page","link":"https:\/\/judithfanto.nl\/de\/in-den-medien\/","title":{"rendered":"In den medien"},"content":{"rendered":"<p>[et_pb_section fb_built=&#8220;1&#8243; _builder_version=&#8220;4.11.0&#8243; _module_preset=&#8220;default&#8220; background_image=&#8220;https:\/\/judithfanto.nl\/wp-content\/uploads\/2021\/09\/Judith-Fanto-spreker-schrijver-auteur.jpg&#8220; background_position=&#8220;top_left&#8220; height=&#8220;1400px&#8220; background_last_edited=&#8220;on|phone&#8220; background_image_phone=&#8220;https:\/\/judithfanto.nl\/wp-content\/uploads\/2021\/10\/Judith-Fanto-In-de-media-mobiel.jpg&#8220; background_enable_image_phone=&#8220;on&#8220; background_position_phone=&#8220;center&#8220; global_colors_info=&#8220;{}&#8220;][et_pb_row column_structure=&#8220;3_5,2_5&#8243; use_custom_gutter=&#8220;on&#8220; _builder_version=&#8220;4.11.0&#8243; _module_preset=&#8220;default&#8220; width=&#8220;75%&#8220; max_width=&#8220;75%&#8220; custom_margin=&#8220;250px||||false|false&#8220; global_colors_info=&#8220;{}&#8220;][et_pb_column type=&#8220;3_5&#8243; _builder_version=&#8220;4.11.0&#8243; _module_preset=&#8220;default&#8220; global_colors_info=&#8220;{}&#8220;][\/et_pb_column][et_pb_column type=&#8220;2_5&#8243; _builder_version=&#8220;4.11.0&#8243; _module_preset=&#8220;default&#8220; global_colors_info=&#8220;{}&#8220;][et_pb_image src=&#8220;https:\/\/judithfanto.nl\/wp-content\/uploads\/2021\/10\/Pressefoto-zum-Buchcover-Viktor.png&#8220; src_tablet=&#8220;&#8220; src_phone=&#8220;&#8220; src_last_edited=&#8220;on|phone&#8220; _builder_version=&#8220;4.11.1&#8243; _module_preset=&#8220;default&#8220; global_colors_info=&#8220;{}&#8220;][\/et_pb_image][\/et_pb_column][\/et_pb_row][\/et_pb_section][et_pb_section fb_built=&#8220;1&#8243; _builder_version=&#8220;4.10.5&#8243; _module_preset=&#8220;default&#8220; background_color=&#8220;#9CA298&#8243; custom_margin=&#8220;||||false|false&#8220; custom_padding=&#8220;100px||100px||false|false&#8220; global_colors_info=&#8220;{}&#8220;][et_pb_row column_structure=&#8220;1_3,1_3,1_3&#8243; _builder_version=&#8220;4.10.5&#8243; _module_preset=&#8220;default&#8220; global_colors_info=&#8220;{}&#8220;][et_pb_column type=&#8220;1_3&#8243; _builder_version=&#8220;4.10.5&#8243; _module_preset=&#8220;default&#8220; global_colors_info=&#8220;{}&#8220;][et_pb_image src=&#8220;https:\/\/judithfanto.nl\/wp-content\/uploads\/2021\/10\/Judith-Fanto-Rezension-Berliner-Zeitung-2.jpg&#8220; alt=&#8220;Judith Fanto Rezension Berliner Zeitung 1&#8243; title_text=&#8220;Rezension lesen&#8220; url=&#8220;https:\/\/judithfanto.nl\/wp-content\/uploads\/2021\/10\/Berliner-Zeitung-2021.png&#8220; url_new_window=&#8220;on&#8220; _builder_version=&#8220;4.11.1&#8243; _module_preset=&#8220;default&#8220; global_colors_info=&#8220;{}&#8220; src__hover_enabled=&#8220;on|hover&#8220; src__hover=&#8220;https:\/\/judithfanto.nl\/wp-content\/uploads\/2021\/10\/Judith-Fanto-Rezension-Berliner-Zeitung-1.jpg&#8220;][\/et_pb_image][\/et_pb_column][et_pb_column type=&#8220;1_3&#8243; _builder_version=&#8220;4.10.5&#8243; _module_preset=&#8220;default&#8220; global_colors_info=&#8220;{}&#8220;][et_pb_image src=&#8220;https:\/\/judithfanto.nl\/wp-content\/uploads\/2021\/10\/Judith-Fanto-Rezension-Meins-2.jpg&#8220; alt=&#8220;Judith Fanto Rezension Meins&#8220; title_text=&#8220;Rezension lesen&#8220; url=&#8220;https:\/\/judithfanto.nl\/wp-content\/uploads\/2021\/09\/Recensie-Trouw.pdf&#8220; url_new_window=&#8220;on&#8220; src_last_edited=&#8220;off|phone&#8220; _builder_version=&#8220;4.11.1&#8243; _module_preset=&#8220;default&#8220; global_colors_info=&#8220;{}&#8220; src__hover_enabled=&#8220;on|desktop&#8220; src__hover=&#8220;https:\/\/judithfanto.nl\/wp-content\/uploads\/2021\/10\/Judith-Fanto-Rezension-Meins-1-1.jpg&#8220;][\/et_pb_image][\/et_pb_column][et_pb_column type=&#8220;1_3&#8243; _builder_version=&#8220;4.10.5&#8243; _module_preset=&#8220;default&#8220; global_colors_info=&#8220;{}&#8220;][et_pb_image src=&#8220;https:\/\/judithfanto.nl\/wp-content\/uploads\/2021\/10\/Judith-Fanto-Rezension-Frankfurter-Allgemeine-Zeitung-front.jpg&#8220; alt=&#8220;Judith Fanto Rezension Frankfurter Allgemeine Zeitung front&#8220; title_text=&#8220;Rezension lesen&#8220; url=&#8220;https:\/\/judithfanto.nl\/wp-content\/uploads\/2021\/10\/Recensie-Frankfurter-Allgemeine.png&#8220; url_new_window=&#8220;on&#8220; src_last_edited=&#8220;off|phone&#8220; _builder_version=&#8220;4.11.1&#8243; _module_preset=&#8220;default&#8220; global_colors_info=&#8220;{}&#8220; src__hover_enabled=&#8220;on|desktop&#8220; src__hover=&#8220;https:\/\/judithfanto.nl\/wp-content\/uploads\/2021\/09\/Judith-Fanto-recensie-Dagblad-Trouw-back.jpg&#8220;][\/et_pb_image][\/et_pb_column][\/et_pb_row][et_pb_row column_structure=&#8220;1_3,1_3,1_3&#8243; _builder_version=&#8220;4.10.5&#8243; _module_preset=&#8220;default&#8220; global_colors_info=&#8220;{}&#8220;][et_pb_column type=&#8220;1_3&#8243; _builder_version=&#8220;4.10.5&#8243; _module_preset=&#8220;default&#8220; global_colors_info=&#8220;{}&#8220;][et_pb_image src=&#8220;https:\/\/judithfanto.nl\/wp-content\/uploads\/2021\/10\/Judith-Fanto-Rezension-Kulturbowle-uber-Viktor-front.jpg&#8220; alt=&#8220;Judith Fanto Rezension Kulturbowle \u00fcber Viktor back&#8220; title_text=&#8220;Rezension lesen&#8220; url=&#8220;https:\/\/judithfanto.nl\/wp-content\/uploads\/2021\/10\/Barbara-Pfeiffer.pdf&#8220; url_new_window=&#8220;on&#8220; _builder_version=&#8220;4.11.1&#8243; _module_preset=&#8220;default&#8220; global_colors_info=&#8220;{}&#8220; src__hover_enabled=&#8220;on|hover&#8220; src__hover=&#8220;https:\/\/judithfanto.nl\/wp-content\/uploads\/2021\/10\/Judith-Fanto-Rezension-Kulturbowle-uber-Viktor-back.jpg&#8220;][\/et_pb_image][\/et_pb_column][et_pb_column type=&#8220;1_3&#8243; _builder_version=&#8220;4.10.5&#8243; _module_preset=&#8220;default&#8220; global_colors_info=&#8220;{}&#8220;][et_pb_image src=&#8220;https:\/\/judithfanto.nl\/wp-content\/uploads\/2021\/10\/Judith-Fanto-Rezension-Weiber-Diwan-front.jpg&#8220; alt=&#8220;Judith Fanto Rezension Weiber Diwan front&#8220; title_text=&#8220;Rezension lesen&#8220; url=&#8220;https:\/\/judithfanto.nl\/wp-content\/uploads\/2021\/10\/Weiber-Diwan-Feb.-2021.png&#8220; url_new_window=&#8220;on&#8220; src_last_edited=&#8220;off|phone&#8220; _builder_version=&#8220;4.11.1&#8243; _module_preset=&#8220;default&#8220; global_colors_info=&#8220;{}&#8220; src__hover_enabled=&#8220;on|hover&#8220; src__hover=&#8220;https:\/\/judithfanto.nl\/wp-content\/uploads\/2021\/09\/Judith-Fanto-recensie-Telegraaf-back-1.jpg&#8220;][\/et_pb_image][\/et_pb_column][et_pb_column type=&#8220;1_3&#8243; _builder_version=&#8220;4.10.5&#8243; _module_preset=&#8220;default&#8220; global_colors_info=&#8220;{}&#8220;][et_pb_image src=&#8220;https:\/\/judithfanto.nl\/wp-content\/uploads\/2021\/10\/Judith-Fanto-Rezension-Feiner-reiner-Buchstoff-front.jpg&#8220; alt=&#8220;Judith Fanto Rezension Feiner reiner Buchstoff front&#8220; title_text=&#8220;Rezension lesen&#8220; url=&#8220;https:\/\/judithfanto.nl\/wp-content\/uploads\/2021\/10\/Feiner-reiner-Buchstoff-Alexandra-Wogerbauer-Flicker.pdf&#8220; url_new_window=&#8220;on&#8220; src_last_edited=&#8220;off|phone&#8220; _builder_version=&#8220;4.11.1&#8243; _module_preset=&#8220;default&#8220; global_colors_info=&#8220;{}&#8220; src__hover_enabled=&#8220;on|hover&#8220; src__hover=&#8220;https:\/\/judithfanto.nl\/wp-content\/uploads\/2021\/10\/Judith-Fanto-Rezension-Feiner-reiner-Buchstoff-ueber-Viktor-back.jpg&#8220;][\/et_pb_image][\/et_pb_column][\/et_pb_row][et_pb_row column_structure=&#8220;1_3,1_3,1_3&#8243; _builder_version=&#8220;4.10.5&#8243; _module_preset=&#8220;default&#8220; global_colors_info=&#8220;{}&#8220;][et_pb_column type=&#8220;1_3&#8243; _builder_version=&#8220;4.10.5&#8243; _module_preset=&#8220;default&#8220; global_colors_info=&#8220;{}&#8220;][et_pb_image src=&#8220;https:\/\/judithfanto.nl\/wp-content\/uploads\/2021\/10\/Judith-Fanto-Rezension-Plefge-und-Kunst-ueber-Viktor-front.jpg&#8220; alt=&#8220;Judith Fanto Rezension Plefge und Kunst \u00fcber Viktor front&#8220; title_text=&#8220;Rezension lesen&#8220; url=&#8220;https:\/\/judithfanto.nl\/wp-content\/uploads\/2021\/10\/Pflege-und-Kunst.png&#8220; url_new_window=&#8220;on&#8220; src_last_edited=&#8220;off|phone&#8220; _builder_version=&#8220;4.11.1&#8243; _module_preset=&#8220;default&#8220; global_colors_info=&#8220;{}&#8220; src__hover_enabled=&#8220;on|desktop&#8220; src__hover=&#8220;https:\/\/judithfanto.nl\/wp-content\/uploads\/2021\/09\/Judith-Fanto-recensie-Nederlands-Dagblad-colour.jpg&#8220;][\/et_pb_image][\/et_pb_column][et_pb_column type=&#8220;1_3&#8243; _builder_version=&#8220;4.10.5&#8243; _module_preset=&#8220;default&#8220; global_colors_info=&#8220;{}&#8220;][et_pb_image src=&#8220;https:\/\/judithfanto.nl\/wp-content\/uploads\/2021\/10\/Judith-Fanto-Rezension-Jutta-Kleedorfer-Oesterreich-front.jpg&#8220; alt=&#8220;Judith Fanto Rezension Jutta Kleedorfer \u00d6sterreich front&#8220; title_text=&#8220;Rezension lesen&#8220; url=&#8220;https:\/\/judithfanto.nl\/wp-content\/uploads\/2021\/10\/Biblioteksnachrichten-Osterreich-Feb.-2021.png&#8220; url_new_window=&#8220;on&#8220; _builder_version=&#8220;4.11.1&#8243; _module_preset=&#8220;default&#8220; global_colors_info=&#8220;{}&#8220; src__hover_enabled=&#8220;on|hover&#8220; src__hover=&#8220;https:\/\/judithfanto.nl\/wp-content\/uploads\/2021\/09\/Judith-Fanto-recensie-Friesch-Dagblad-back.jpg&#8220;][\/et_pb_image][\/et_pb_column][et_pb_column type=&#8220;1_3&#8243; _builder_version=&#8220;4.10.5&#8243; _module_preset=&#8220;default&#8220; global_colors_info=&#8220;{}&#8220;][et_pb_image src=&#8220;https:\/\/judithfanto.nl\/wp-content\/uploads\/2021\/10\/Judith-Fanto-Rezension-Kronen-Zeitung-front.jpg&#8220; alt=&#8220;Judith Fanto Rezension Kronen Zeitung front&#8220; title_text=&#8220;Rezension lesen&#8220; url=&#8220;https:\/\/judithfanto.nl\/wp-content\/uploads\/2021\/10\/Kronen-Zeitung-Aug.-2021.pdf&#8220; url_new_window=&#8220;on&#8220; _builder_version=&#8220;4.11.1&#8243; _module_preset=&#8220;default&#8220; global_colors_info=&#8220;{}&#8220; src__hover_enabled=&#8220;on|hover&#8220; src__hover=&#8220;https:\/\/judithfanto.nl\/wp-content\/uploads\/2021\/10\/Judith-Fanto-Rezension-Berliner-Zeitung-1.jpg&#8220;][\/et_pb_image][\/et_pb_column][\/et_pb_row][\/et_pb_section][et_pb_section fb_built=&#8220;1&#8243; _builder_version=&#8220;4.11.0&#8243; _module_preset=&#8220;default&#8220; background_image=&#8220;https:\/\/judithfanto.nl\/wp-content\/uploads\/2021\/10\/Judith-Fanto-Behang-Damast-2400&#215;1600-1.jpg&#8220; height=&#8220;950px&#8220; global_colors_info=&#8220;{}&#8220;][et_pb_row column_structure=&#8220;1_3,2_3&#8243; _builder_version=&#8220;4.11.1&#8243; _module_preset=&#8220;default&#8220; custom_margin=&#8220;-125px||||false|false&#8220; custom_padding=&#8220;||||false|false&#8220; global_colors_info=&#8220;{}&#8220;][et_pb_column type=&#8220;1_3&#8243; _builder_version=&#8220;4.10.5&#8243; _module_preset=&#8220;default&#8220; background_enable_color=&#8220;off&#8220; custom_padding=&#8220;||50px||false|false&#8220; global_colors_info=&#8220;{}&#8220;][\/et_pb_column][et_pb_column type=&#8220;2_3&#8243; _builder_version=&#8220;4.11.1&#8243; _module_preset=&#8220;default&#8220; background_color=&#8220;#AEBAB9&#8243; custom_padding=&#8220;||50px||false|false&#8220; global_colors_info=&#8220;{}&#8220;][et_pb_text _builder_version=&#8220;4.11.1&#8243; _module_preset=&#8220;default&#8220; text_text_color=&#8220;#293133&#8243; custom_margin=&#8220;100px|||75px|false|false&#8220; global_colors_info=&#8220;{}&#8220;]<\/p>\n<h2 style=\"text-align: left;\"><strong>IN DEN MEDIEN<\/strong><\/h2>\n<p>[\/et_pb_text][et_pb_blurb title=&#8220;Kopje Koffie &#8211; In Gespr\u00e4ch&#8220; url=&#8220;https:\/\/kopje-koffie.podigee.io\/3-judith-fanto&#8220; url_new_window=&#8220;on&#8220; use_icon=&#8220;on&#8220; font_icon=&#8220;%%40%%&#8220; icon_color=&#8220;#5A6159&#8243; icon_placement=&#8220;left&#8220; _builder_version=&#8220;4.11.1&#8243; _module_preset=&#8220;default&#8220; header_font=&#8220;|700|||||||&#8220; header_font_size=&#8220;18px&#8220; header_line_height=&#8220;1.6em&#8220; custom_margin_tablet=&#8220;&#8220; custom_margin_phone=&#8220;|||15px|false|false&#8220; custom_margin_last_edited=&#8220;on|phone&#8220; hover_enabled=&#8220;0&#8243; global_colors_info=&#8220;{}&#8220; sticky_enabled=&#8220;0&#8243;]<\/p>\n<p>Der Niederl\u00e4ndisch-Fl\u00e4mische B\u00fccherpodcast<br \/>Episode #2<br \/>31. August 2021<br \/>29.34<\/p>\n<p>[\/et_pb_blurb][et_pb_blurb title=&#8220;Kopje Koffie &#8211; Mehr lesen&#8220; url=&#8220;https:\/\/judithfanto.nl\/wp-content\/uploads\/2021\/10\/Voor-Nieuws-uit-het-buitenland.pdf&#8220; url_new_window=&#8220;on&#8220; use_icon=&#8220;on&#8220; font_icon=&#8220;%%40%%&#8220; icon_color=&#8220;#5A6159&#8243; icon_placement=&#8220;left&#8220; _builder_version=&#8220;4.11.1&#8243; _module_preset=&#8220;default&#8220; header_font=&#8220;|700|||||||&#8220; header_font_size=&#8220;18px&#8220; header_line_height=&#8220;1.6em&#8220; custom_margin_tablet=&#8220;&#8220; custom_margin_phone=&#8220;|||15px|false|false&#8220; custom_margin_last_edited=&#8220;on|phone&#8220; global_colors_info=&#8220;{}&#8220;]<\/p>\n<p>Der Niederl\u00e4ndisch-Fl\u00e4mische B\u00fccherpodcast<br \/>Episode #2<br \/>31. August 2021<\/p>\n<p>[\/et_pb_blurb][et_pb_blurb title=&#8220;Lesung und Gespr\u00e4ch mit Judith Fanto&#8220; url=&#8220;https:\/\/www.youtube.com\/watch?v=bBrS2RcSq4M&#8220; url_new_window=&#8220;on&#8220; use_icon=&#8220;on&#8220; font_icon=&#8220;%%40%%&#8220; icon_color=&#8220;#5A6159&#8243; icon_placement=&#8220;left&#8220; _builder_version=&#8220;4.11.1&#8243; _module_preset=&#8220;default&#8220; header_font=&#8220;|700|||||||&#8220; header_font_size=&#8220;18px&#8220; header_line_height=&#8220;1.6em&#8220; custom_margin_tablet=&#8220;&#8220; custom_margin_phone=&#8220;|||15px|false|false&#8220; custom_margin_last_edited=&#8220;on|phone&#8220; hover_enabled=&#8220;0&#8243; global_colors_info=&#8220;{}&#8220; sticky_enabled=&#8220;0&#8243;]<\/p>\n<p>Moderation: Bettina Baltschev. Aufzeichnung einer Veranstaltung aus dem Ariowitsch Haus in Leipzig vom 27 Mai 2021<\/p>\n<p>[\/et_pb_blurb][et_pb_blurb title=&#8220;Presseflyer \u00d6sterreich&#8220; url=&#8220;https:\/\/judithfanto.nl\/wp-content\/uploads\/2021\/10\/Presseflyer-Osterreich.pdf&#8220; url_new_window=&#8220;on&#8220; use_icon=&#8220;on&#8220; font_icon=&#8220;%%40%%&#8220; icon_color=&#8220;#5A6159&#8243; icon_placement=&#8220;left&#8220; _builder_version=&#8220;4.11.1&#8243; _module_preset=&#8220;default&#8220; header_font=&#8220;|700|||||||&#8220; header_font_size=&#8220;18px&#8220; header_line_height=&#8220;1.6em&#8220; custom_margin_tablet=&#8220;&#8220; custom_margin_phone=&#8220;|||15px|false|false&#8220; custom_margin_last_edited=&#8220;on|phone&#8220; hover_enabled=&#8220;0&#8243; global_colors_info=&#8220;{}&#8220; sticky_enabled=&#8220;0&#8243;]<\/p>\n<p>Barbara Brunner<\/p>\n<p>[\/et_pb_blurb][\/et_pb_column][\/et_pb_row][\/et_pb_section][et_pb_section fb_built=&#8220;1&#8243; _builder_version=&#8220;4.11.0&#8243; _module_preset=&#8220;default&#8220; background_color=&#8220;#5A6159&#8243; custom_margin=&#8220;||||false|false&#8220; custom_padding=&#8220;150px||150px||false|false&#8220; global_colors_info=&#8220;{}&#8220;][et_pb_row column_structure=&#8220;3_4,1_4&#8243; _builder_version=&#8220;4.10.5&#8243; _module_preset=&#8220;default&#8220; global_colors_info=&#8220;{}&#8220;][et_pb_column type=&#8220;3_4&#8243; _builder_version=&#8220;4.10.5&#8243; _module_preset=&#8220;default&#8220; global_colors_info=&#8220;{}&#8220;][et_pb_image src=&#8220;https:\/\/judithfanto.nl\/wp-content\/uploads\/2021\/10\/Viktor-am-Prime-Time-auf-der-ORF.png&#8220; alt=&#8220;Interview met Hubert van Belois&#8220; _builder_version=&#8220;4.11.1&#8243; _module_preset=&#8220;default&#8220; width=&#8220;500px&#8220; width_tablet=&#8220;&#8220; width_phone=&#8220;325px&#8220; width_last_edited=&#8220;on|phone&#8220; global_colors_info=&#8220;{}&#8220;][\/et_pb_image][et_pb_code _builder_version=&#8220;4.10.5&#8243; _module_preset=&#8220;default&#8220; global_colors_info=&#8220;{}&#8220;]<iframe loading=\"lazy\" src=\"https:\/\/player.vimeo.com\/video\/626718231?h=74f0dce7e6?autoplay=1&#038;loop=1&#038;autopause=0\" width=\"640\" height=\"360\" frameborder=\"0\" allow=\"autoplay; fullscreen; picture-in-picture\" allowfullscreen><\/iframe>[\/et_pb_code][et_pb_text _builder_version=&#8220;4.11.0&#8243; _module_preset=&#8220;default&#8220; text_text_color=&#8220;#ffffff&#8220; custom_margin=&#8220;||||false|false&#8220; custom_padding=&#8220;||||false|false&#8220; border_color_all=&#8220;#5A5A5A&#8220; global_colors_info=&#8220;{}&#8220;]<\/p>\n<p>Am 21. Mai 2021 interviewte mich Alice Pfitzner vom \u00d6RF im Wiener Caf\u00e9 Central f\u00fcr einen Beitrag \u00fcber Viktor in einer \u00d6RF-Sendung am 5. Juni 2021 um 9 Uhr.<\/p>\n<p>&nbsp;<\/p>\n<p>[\/et_pb_text][\/et_pb_column][et_pb_column type=&#8220;1_4&#8243; _builder_version=&#8220;4.10.5&#8243; _module_preset=&#8220;default&#8220; global_colors_info=&#8220;{}&#8220;][\/et_pb_column][\/et_pb_row][\/et_pb_section][et_pb_section fb_built=&#8220;1&#8243; _builder_version=&#8220;4.10.5&#8243; _module_preset=&#8220;default&#8220; background_color=&#8220;#aebab9&#8243; custom_margin=&#8220;||0px||false|false&#8220; custom_padding=&#8220;100px||0px||false|false&#8220; saved_tabs=&#8220;all&#8220; global_colors_info=&#8220;{}&#8220;][et_pb_row column_structure=&#8220;1_2,1_2&#8243; _builder_version=&#8220;4.10.5&#8243; _module_preset=&#8220;default&#8220; custom_margin=&#8220;||0px||false|false&#8220; custom_padding=&#8220;||0px||false|false&#8220; global_colors_info=&#8220;{}&#8220;][et_pb_column type=&#8220;1_2&#8243; _builder_version=&#8220;4.10.5&#8243; _module_preset=&#8220;default&#8220; global_colors_info=&#8220;{}&#8220;][et_pb_text _builder_version=&#8220;4.10.5&#8243; _module_preset=&#8220;default&#8220; text_text_color=&#8220;#293133&#8243; custom_margin=&#8220;100px||||false|false&#8220; global_colors_info=&#8220;{}&#8220;]<\/p>\n<h2 style=\"text-align: left;\"><strong>KONTAKT<\/strong><\/h2>\n<p>[\/et_pb_text][et_pb_text _builder_version=&#8220;4.10.5&#8243; _module_preset=&#8220;default&#8220; custom_margin=&#8220;||||false|false&#8220; custom_padding=&#8220;||||false|false&#8220; border_color_all=&#8220;#5A5A5A&#8220; global_colors_info=&#8220;{}&#8220;]<\/p>\n<p>Wollen Sie Judith Fanto etwas fragen oder sagen? M\u00f6chten Sie sie als Referentin buchen oder f\u00fcr einen Text an sie herantreten? Judith Fanto ist am besten \u00fcber die E-Mail-Adressen ihres Verlegers und ihrer Literaturagentin Kitty Bakker zu erreichen.<\/p>\n<p>[\/et_pb_text][et_pb_social_media_follow icon_color=&#8220;#DCDCDC&#8220; _builder_version=&#8220;4.11.0&#8243; _module_preset=&#8220;default&#8220; global_colors_info=&#8220;{}&#8220;][et_pb_social_media_follow_network social_network=&#8220;instagram&#8220; url=&#8220;https:\/\/www.instagram.com\/judith_fanto\/&#8220; _builder_version=&#8220;4.11.0&#8243; _module_preset=&#8220;default&#8220; background_color=&#8220;#5A5A5A&#8220; background_enable_color=&#8220;on&#8220; border_radii=&#8220;on|100px|100px|100px|100px&#8220; global_colors_info=&#8220;{}&#8220; follow_button=&#8220;off&#8220; url_new_window=&#8220;on&#8220;]instagram[\/et_pb_social_media_follow_network][et_pb_social_media_follow_network social_network=&#8220;facebook&#8220; url=&#8220;https:\/\/www.facebook.com\/judithgfanto&#8220; _builder_version=&#8220;4.11.0&#8243; _module_preset=&#8220;default&#8220; background_color=&#8220;#5A5A5A&#8220; background_enable_color=&#8220;on&#8220; border_radii=&#8220;on|100px|100px|100px|100px&#8220; global_colors_info=&#8220;{}&#8220; follow_button=&#8220;off&#8220; url_new_window=&#8220;on&#8220;]facebook[\/et_pb_social_media_follow_network][et_pb_social_media_follow_network social_network=&#8220;linkedin&#8220; url=&#8220;https:\/\/www.linkedin.com\/in\/judithfanto\/&#8220; icon_color=&#8220;#DCDCDC&#8220; _builder_version=&#8220;4.11.0&#8243; _module_preset=&#8220;default&#8220; background_color=&#8220;#5A5A5A&#8220; background_enable_color=&#8220;on&#8220; border_radii=&#8220;on|100px|100px|100px|100px&#8220; border_color_all=&#8220;#293133&#8243; global_colors_info=&#8220;{}&#8220; follow_button=&#8220;off&#8220; url_new_window=&#8220;on&#8220;]linkedin[\/et_pb_social_media_follow_network][\/et_pb_social_media_follow][et_pb_button button_url=&#8220;https:\/\/judithfanto.nl\/de\/kontakt\/&#8220; button_text=&#8220;zu Kontakt&#8220; button_alignment=&#8220;left&#8220; _builder_version=&#8220;4.11.1&#8243; _module_preset=&#8220;default&#8220; custom_button=&#8220;on&#8220; button_text_color=&#8220;#ffffff&#8220; button_bg_color=&#8220;#000000&#8243; button_icon=&#8220;%%20%%&#8220; button_icon_color=&#8220;#ffffff&#8220; button_on_hover=&#8220;off&#8220; custom_margin=&#8220;50px||||false|false&#8220; global_colors_info=&#8220;{}&#8220;][\/et_pb_button][\/et_pb_column][et_pb_column type=&#8220;1_2&#8243; _builder_version=&#8220;4.10.5&#8243; _module_preset=&#8220;default&#8220; global_colors_info=&#8220;{}&#8220;][et_pb_image src=&#8220;https:\/\/judithfanto.nl\/wp-content\/uploads\/2021\/09\/Silhouette-origineel-Judith-Fanto-schrijver-auteur-spreker-1600&#215;1700-px-transpa.png&#8220; alt=&#8220;Judith Fanto Sprecherin und Autorin&#8220; _builder_version=&#8220;4.10.5&#8243; _module_preset=&#8220;default&#8220; custom_padding_tablet=&#8220;&#8220; custom_padding_phone=&#8220;75px||||false|false&#8220; custom_padding_last_edited=&#8220;on|phone&#8220; global_colors_info=&#8220;{}&#8220;][\/et_pb_image][\/et_pb_column][\/et_pb_row][\/et_pb_section][et_pb_section fb_built=&#8220;1&#8243; _builder_version=&#8220;4.11.0&#8243; _module_preset=&#8220;default&#8220; background_color=&#8220;#1a1a1a&#8220; global_colors_info=&#8220;{}&#8220;][et_pb_row _builder_version=&#8220;4.11.0&#8243; _module_preset=&#8220;default&#8220; global_colors_info=&#8220;{}&#8220;][et_pb_column type=&#8220;4_4&#8243; _builder_version=&#8220;4.11.0&#8243; _module_preset=&#8220;default&#8220; global_colors_info=&#8220;{}&#8220;][et_pb_text _builder_version=&#8220;4.11.0&#8243; _module_preset=&#8220;default&#8220; text_text_color=&#8220;#FFFFFF&#8220; text_font_size=&#8220;13px&#8220; global_colors_info=&#8220;{}&#8220;]<\/p>\n<p>Copyright \u00a9 2020-2021 Judith Fanto | Styling &amp; Fotografie <strong><span style=\"color: #ffffff;\"><a href=\"https:\/\/www.daniellevandongen.nl\/\" target=\"_blank\" rel=\"noopener\" style=\"color: #ffffff;\">Dani\u00eblle van Dongen<\/a><\/span><\/strong> | Fotografie <strong><span style=\"color: #ffffff;\"><a href=\"https:\/\/www.medeahuisman.nl\/\" target=\"_blank\" rel=\"noopener\" style=\"color: #ffffff;\">Medea Huisman<\/a><\/span><\/strong> | Fotografie <span style=\"color: #ffffff;\"><strong><a href=\"https:\/\/vanbelkomproducties.nl\/\" target=\"_blank\" rel=\"noopener\" style=\"color: #ffffff;\">Henny van Belkom<\/a><\/strong><\/span> | Webdesign <span style=\"color: #ffffff;\"><strong><a href=\"https:\/\/www.paulaterpstra.nl\/\" target=\"_blank\" rel=\"noopener\" style=\"color: #ffffff;\">Paula Terpstra<\/a><\/strong><\/span> | Alle Rechte sind ausdr\u00fccklich vorbehalten. Diese Rechte liegen bei Judith Fanto und\/oder einem verbundenen Unternehmer oder Unternehmen. Es ist nicht gestattet, Texte, Bilder, Logos, Videoinhalte, Zeichnungen und\/oder anderes urheberrechtlich gesch\u00fctztes Material auf dieser Website ohne vorherige schriftliche Genehmigung von Judith Fanto zu kopieren, zu reproduzieren, zu speichern oder anderweitig \u00f6ffentlich zu machen. Die Judith Fanto-Website enth\u00e4lt auch Fotos, die dem Urheberrecht Dritter unterliegen. Missbrauch und Verletzung der Rechte von Judith Fanto werden aktiv aufgedeckt und behandelt. Wer dagegen verst\u00f6\u00dft, ist zum Ersatz des entstandenen Schadens, der entstandenen Ermittlungskosten und der Kosten der Rechtshilfe verpflichtet.<\/p>\n<p>[\/et_pb_text][\/et_pb_column][\/et_pb_row][\/et_pb_section]<\/p>\n","protected":false},"excerpt":{"rendered":"<p>IN DEN MEDIENDer Niederl\u00e4ndisch-Fl\u00e4mische B\u00fccherpodcastEpisode #231. August 202129.34Der Niederl\u00e4ndisch-Fl\u00e4mische B\u00fccherpodcastEpisode #231. August 2021Moderation: Bettina Baltschev. Aufzeichnung einer Veranstaltung aus dem Ariowitsch Haus in Leipzig vom 27 Mai 2021Barbara BrunnerAm 21. Mai 2021 interviewte mich Alice Pfitzner vom \u00d6RF im Wiener Caf\u00e9 Central f\u00fcr einen Beitrag \u00fcber Viktor in einer \u00d6RF-Sendung am 5. Juni 2021 um [&hellip;]<\/p>\n","protected":false},"author":5,"featured_media":0,"parent":0,"menu_order":0,"comment_status":"closed","ping_status":"closed","template":"","meta":{"_et_pb_use_builder":"on","_et_pb_old_content":"","_et_gb_content_width":"","footnotes":""},"class_list":["post-14330","page","type-page","status-publish","hentry"],"_links":{"self":[{"href":"https:\/\/judithfanto.nl\/de\/wp-json\/wp\/v2\/pages\/14330","targetHints":{"allow":["GET"]}}],"collection":[{"href":"https:\/\/judithfanto.nl\/de\/wp-json\/wp\/v2\/pages"}],"about":[{"href":"https:\/\/judithfanto.nl\/de\/wp-json\/wp\/v2\/types\/page"}],"author":[{"embeddable":true,"href":"https:\/\/judithfanto.nl\/de\/wp-json\/wp\/v2\/users\/5"}],"replies":[{"embeddable":true,"href":"https:\/\/judithfanto.nl\/de\/wp-json\/wp\/v2\/comments?post=14330"}],"version-history":[{"count":40,"href":"https:\/\/judithfanto.nl\/de\/wp-json\/wp\/v2\/pages\/14330\/revisions"}],"predecessor-version":[{"id":14696,"href":"https:\/\/judithfanto.nl\/de\/wp-json\/wp\/v2\/pages\/14330\/revisions\/14696"}],"wp:attachment":[{"href":"https:\/\/judithfanto.nl\/de\/wp-json\/wp\/v2\/media?parent=14330"}],"curies":[{"name":"wp","href":"https:\/\/api.w.org\/{rel}","templated":true}]}}