{"id":14436,"date":"2021-10-08T14:46:42","date_gmt":"2021-10-08T14:46:42","guid":{"rendered":"https:\/\/judithfanto.nl\/neuer-roman\/"},"modified":"2024-12-14T16:11:10","modified_gmt":"2024-12-14T15:11:10","slug":"neuer-roman","status":"publish","type":"page","link":"https:\/\/judithfanto.nl\/de\/neuer-roman\/","title":{"rendered":"Neuer Roman"},"content":{"rendered":"<p>[et_pb_section fb_built=&#8220;1&#8243; _builder_version=&#8220;4.16&#8243; _module_preset=&#8220;default&#8220; background_color=&#8220;#AEBAB9&#8243; custom_margin=&#8220;||||false|false&#8220; custom_padding=&#8220;||100px||false|false&#8220; global_colors_info=&#8220;{}&#8220;][et_pb_row column_structure=&#8220;1_2,1_2&#8243; use_custom_gutter=&#8220;on&#8220; _builder_version=&#8220;4.16&#8243; _module_preset=&#8220;default&#8220; max_width=&#8220;1200px&#8220; custom_margin=&#8220;||||false|false&#8220; custom_padding=&#8220;50px||||false|false&#8220; global_colors_info=&#8220;{}&#8220;][et_pb_column type=&#8220;1_2&#8243; _builder_version=&#8220;4.16&#8243; _module_preset=&#8220;default&#8220; global_colors_info=&#8220;{}&#8220;][et_pb_image src=&#8220;https:\/\/judithfanto.nl\/wp-content\/uploads\/2021\/10\/Mijn-nieuwe-roman-bw-7.png&#8220; alt=&#8220;Mein Neuer Roman&#8220; _builder_version=&#8220;4.16&#8243; _module_preset=&#8220;default&#8220; width=&#8220;350px&#8220; global_colors_info=&#8220;{}&#8220;][\/et_pb_image][et_pb_text _builder_version=&#8220;4.16&#8243; _module_preset=&#8220;default&#8220; text_font=&#8220;||||||||&#8220; text_text_color=&#8220;#000000&#8243; max_width=&#8220;85%&#8220; max_width_tablet=&#8220;&#8220; max_width_phone=&#8220;95%&#8220; max_width_last_edited=&#8220;on|phone&#8220; global_colors_info=&#8220;{}&#8220;]<\/p>\n<p>Haarlem, Februar 1948. Manno Loch lebt und arbeitet als Kunstrestaurator in einem bescheidenen Atelierhaus in der Kokstraat. Eines Tages erh\u00e4lt er einen Umschlag, auf dem er die Handschrift einer ehemaligen Wiener Freundin erkennt. Dieser Brief erinnert ihn an seine Jugend in Haarlem und ab 1916 in Wien und an die Anf\u00e4nge des Freundeskreises, dem er fast zwanzig Jahre lang angeh\u00f6rte. Obwohl sie aus sehr unterschiedlichen Bev\u00f6lkerungsgruppen im geteilten Wien stammen, sind sich die sechs Freunde \u00fcber die Jahre hinweg durch dick und d\u00fcnn treu geblieben. Auf diese Weise helfen sie sich gegenseitig bei finanziellen Schwierigkeiten, ungewollter Schwangerschaft, Verfolgung wegen Homosexualit\u00e4t, Trauer und Verlust, beim Umgang mit sozialem Druck und den Erwartungen der Eltern. Manno \u2013 die \u201eHaarlemmer \u00d6l\u201c zwischen den Freunden \u2013 fungiert als Klangschale f\u00fcr die von ihnen gesprochenen Worte, die oft vertraulichen Charakter haben. Je mehr er sich in die Geheimnisse seiner Freunde verstrickt, desto mehr fragt sich der Leser mit ihm: Kann man jemals eine andere Person genau kennen lernen? Erfordert wahre Freundschaft \u00fcberhaupt absolute Offenheit? Oder ist der Respekt vor den Geheimnissen des anderen das Grundrecht eines jeden Freundes?<\/p>\n<p>[\/et_pb_text][\/et_pb_column][et_pb_column type=&#8220;1_2&#8243; _builder_version=&#8220;4.16&#8243; _module_preset=&#8220;default&#8220; global_colors_info=&#8220;{}&#8220;][et_pb_image src=&#8220;https:\/\/judithfanto.nl\/wp-content\/uploads\/2021\/09\/Judith-Fanto-spreker-schrijver-auteur-schrijfkamer.jpg&#8220; alt=&#8220;Judith Fanto Sprecherin und Autorin&#8220; _builder_version=&#8220;4.16&#8243; _module_preset=&#8220;default&#8220; custom_margin=&#8220;||||false|false&#8220; custom_margin_tablet=&#8220;75px||||false|false&#8220; custom_margin_phone=&#8220;100px||||false|false&#8220; custom_margin_last_edited=&#8220;on|tablet&#8220; custom_padding=&#8220;||||false|false&#8220; global_colors_info=&#8220;{}&#8220;][\/et_pb_image][\/et_pb_column][\/et_pb_row][\/et_pb_section][et_pb_section fb_built=&#8220;1&#8243; _builder_version=&#8220;4.16&#8243; _module_preset=&#8220;default&#8220; custom_margin=&#8220;0px||0px||false|false&#8220; custom_padding=&#8220;0px||0px||false|false&#8220; global_colors_info=&#8220;{}&#8220;][et_pb_row use_custom_gutter=&#8220;on&#8220; gutter_width=&#8220;1&#8243; _builder_version=&#8220;4.16&#8243; _module_preset=&#8220;default&#8220; width=&#8220;100%&#8220; max_width=&#8220;100%&#8220; custom_margin=&#8220;0px||0px||false|false&#8220; custom_padding=&#8220;0px||0px||false|false&#8220; global_colors_info=&#8220;{}&#8220;][et_pb_column type=&#8220;4_4&#8243; _builder_version=&#8220;4.16&#8243; _module_preset=&#8220;default&#8220; global_colors_info=&#8220;{}&#8220;][et_pb_image src=&#8220;https:\/\/judithfanto.nl\/wp-content\/uploads\/2021\/09\/Judith-Fanto-spreker-schrijver-auteur-vrienden-boeken.jpg&#8220; alt=&#8220;Judith Fanto spreker schrijver auteur vrienden boeken&#8220; _builder_version=&#8220;4.16&#8243; _module_preset=&#8220;default&#8220; custom_margin=&#8220;0px||0px||false|false&#8220; custom_padding=&#8220;0px||0px||false|false&#8220; global_colors_info=&#8220;{}&#8220;][\/et_pb_image][\/et_pb_column][\/et_pb_row][\/et_pb_section][et_pb_section fb_built=&#8220;1&#8243; _builder_version=&#8220;4.16&#8243; _module_preset=&#8220;default&#8220; background_image=&#8220;https:\/\/judithfanto.nl\/wp-content\/uploads\/2021\/10\/Judith-Fanto-spreker-schrijver-auteur-bureau.jpg&#8220; height=&#8220;1000px&#8220; height_tablet=&#8220;&#8220; height_phone=&#8220;&#8220; height_last_edited=&#8220;on|phone&#8220; background_last_edited=&#8220;on|phone&#8220; background_position_phone=&#8220;bottom_left&#8220; locked=&#8220;off&#8220; global_colors_info=&#8220;{}&#8220;][et_pb_row column_structure=&#8220;1_3,2_3&#8243; _builder_version=&#8220;4.16&#8243; _module_preset=&#8220;default&#8220; custom_margin=&#8220;-125px||||false|false&#8220; custom_padding=&#8220;||||false|false&#8220; global_colors_info=&#8220;{}&#8220;][et_pb_column type=&#8220;1_3&#8243; _builder_version=&#8220;4.16&#8243; _module_preset=&#8220;default&#8220; background_enable_color=&#8220;off&#8220; custom_padding=&#8220;||50px||false|false&#8220; global_colors_info=&#8220;{}&#8220;][\/et_pb_column][et_pb_column type=&#8220;2_3&#8243; _builder_version=&#8220;4.16&#8243; _module_preset=&#8220;default&#8220; background_color=&#8220;#AEBAB9&#8243; custom_padding=&#8220;||50px||false|false&#8220; global_colors_info=&#8220;{}&#8220;][et_pb_image src=&#8220;https:\/\/judithfanto.nl\/wp-content\/uploads\/2024\/12\/fur-schuler.png&#8220; alt=&#8220;Judith Fanto spreker schrijver auteur Viktor voor leerlingen, studenten en leesclubs (2)&#8220; title_text=&#8220;fur schuler&#8230;&#8220; _builder_version=&#8220;4.27.3&#8243; _module_preset=&#8220;default&#8220; width=&#8220;500px&#8220; width_tablet=&#8220;&#8220; width_phone=&#8220;275px&#8220; width_last_edited=&#8220;on|phone&#8220; custom_margin=&#8220;|||75px|false|false&#8220; custom_margin_tablet=&#8220;&#8220; custom_margin_phone=&#8220;|||25px|false|false&#8220; custom_margin_last_edited=&#8220;on|phone&#8220; custom_padding=&#8220;50px||10px||false|false&#8220; global_colors_info=&#8220;{}&#8220;][\/et_pb_image][et_pb_text _builder_version=&#8220;4.16&#8243; _module_preset=&#8220;default&#8220; custom_margin=&#8220;|||75px|false|false&#8220; custom_margin_tablet=&#8220;&#8220; custom_margin_phone=&#8220;|||25px|false|false&#8220; custom_margin_last_edited=&#8220;on|phone&#8220; custom_padding=&#8220;|50px||25px|false|false&#8220; custom_padding_tablet=&#8220;&#8220; custom_padding_phone=&#8220;|25px|||false|false&#8220; custom_padding_last_edited=&#8220;on|phone&#8220; border_color_all=&#8220;#5A5A5A&#8220; border_width_left=&#8220;1px&#8220; global_colors_info=&#8220;{}&#8220; custom_margin__hover_enabled=&#8220;off|desktop&#8220;]<\/p>\n<p>Viktor hat Merkmale eines psychologischen, historischen und Bildungsromans. Ein Stammbaum befindet sich im vorderen Teil des Buches und ein Glossar am Ende des Buches. Der Roman hat f\u00fcnf Kapitel. Viktor liest sich fl\u00fcssig, gewinnt aber durch Verweise auf die konsequent ineinander verschlungenen Themen und Leitmotive an Tiefe und Struktur.<\/p>\n<p>Der Roman greift verschiedene Themen auf, wie 2. und 3. Generation (Wem geh\u00f6rt der Holocaust?), \u00dcberlebendenschuld, Recht versus Gerechtigkeit und j\u00fcdische Selbstverleugnung (Auto-Antisemitismus).<\/p>\n<p>Einige Leitmotive sind zum Beispiel<\/p>\n<ul>\n<li>Die Ewige Wiederkunft (Nietzsche, Mahler): Der endlose Kreislauf von Sterben und Wiedergeburt &#8211; auch im Hinblick auf die 2. und 3. Generation: Sollen wir unser Leben als Antwort auf ihren Tod halten?<\/li>\n<li>Exodus (Pessach, Seder)<\/li>\n<li>Der Eigenname als Schicksal<\/li>\n<li>Teppiche, F\u00e4den, Weben<\/li>\n<li>Die Farbe Lila<\/li>\n<\/ul>\n<p>[\/et_pb_text][\/et_pb_column][\/et_pb_row][\/et_pb_section][et_pb_section fb_built=&#8220;1&#8243; _builder_version=&#8220;4.16&#8243; _module_preset=&#8220;default&#8220; background_color=&#8220;#aebab9&#8243; custom_margin=&#8220;||0px||false|false&#8220; custom_padding=&#8220;100px||0px||false|false&#8220; saved_tabs=&#8220;all&#8220; global_colors_info=&#8220;{}&#8220;][et_pb_row column_structure=&#8220;1_2,1_2&#8243; _builder_version=&#8220;4.16&#8243; _module_preset=&#8220;default&#8220; custom_margin=&#8220;||0px||false|false&#8220; custom_padding=&#8220;||0px||false|false&#8220; global_colors_info=&#8220;{}&#8220;][et_pb_column type=&#8220;1_2&#8243; _builder_version=&#8220;4.16&#8243; _module_preset=&#8220;default&#8220; global_colors_info=&#8220;{}&#8220;][et_pb_text _builder_version=&#8220;4.16&#8243; _module_preset=&#8220;default&#8220; text_text_color=&#8220;#293133&#8243; custom_margin=&#8220;100px||||false|false&#8220; global_colors_info=&#8220;{}&#8220;]<\/p>\n<h2 style=\"text-align: left;\"><strong>KONTAKT<\/strong><\/h2>\n<p>[\/et_pb_text][et_pb_text _builder_version=&#8220;4.16&#8243; _module_preset=&#8220;default&#8220; custom_margin=&#8220;||||false|false&#8220; custom_padding=&#8220;||||false|false&#8220; border_color_all=&#8220;#5A5A5A&#8220; global_colors_info=&#8220;{}&#8220;]<\/p>\n<p>Wollen Sie Judith Fanto etwas fragen oder sagen? M\u00f6chten Sie sie als Referentin buchen oder f\u00fcr einen Text an sie herantreten? Judith Fanto ist am besten \u00fcber die E-Mail-Adressen ihres Verlegers und ihrer Literaturagentin Kitty Bakker zu erreichen.<\/p>\n<p>[\/et_pb_text][et_pb_social_media_follow icon_color=&#8220;#DCDCDC&#8220; _builder_version=&#8220;4.16&#8243; _module_preset=&#8220;default&#8220; global_colors_info=&#8220;{}&#8220;][et_pb_social_media_follow_network social_network=&#8220;instagram&#8220; url=&#8220;https:\/\/www.instagram.com\/judith_fanto\/&#8220; _builder_version=&#8220;4.16&#8243; _module_preset=&#8220;default&#8220; background_color=&#8220;#5A5A5A&#8220; background_enable_color=&#8220;on&#8220; border_radii=&#8220;on|100px|100px|100px|100px&#8220; global_colors_info=&#8220;{}&#8220; follow_button=&#8220;off&#8220; url_new_window=&#8220;on&#8220;]instagram[\/et_pb_social_media_follow_network][et_pb_social_media_follow_network social_network=&#8220;facebook&#8220; url=&#8220;https:\/\/www.facebook.com\/judithgfanto&#8220; _builder_version=&#8220;4.16&#8243; _module_preset=&#8220;default&#8220; background_color=&#8220;#5A5A5A&#8220; background_enable_color=&#8220;on&#8220; border_radii=&#8220;on|100px|100px|100px|100px&#8220; global_colors_info=&#8220;{}&#8220; follow_button=&#8220;off&#8220; url_new_window=&#8220;on&#8220;]facebook[\/et_pb_social_media_follow_network][et_pb_social_media_follow_network social_network=&#8220;linkedin&#8220; url=&#8220;https:\/\/www.linkedin.com\/in\/judithfanto\/&#8220; icon_color=&#8220;#DCDCDC&#8220; _builder_version=&#8220;4.16&#8243; _module_preset=&#8220;default&#8220; background_color=&#8220;#5A5A5A&#8220; background_enable_color=&#8220;on&#8220; border_radii=&#8220;on|100px|100px|100px|100px&#8220; border_color_all=&#8220;#293133&#8243; global_colors_info=&#8220;{}&#8220; follow_button=&#8220;off&#8220; url_new_window=&#8220;on&#8220;]linkedin[\/et_pb_social_media_follow_network][\/et_pb_social_media_follow][et_pb_button button_url=&#8220;https:\/\/judithfanto.nl\/de\/kontakt\/&#8220; button_text=&#8220;zu Kontakt&#8220; button_alignment=&#8220;left&#8220; _builder_version=&#8220;4.16&#8243; _module_preset=&#8220;default&#8220; custom_button=&#8220;on&#8220; button_text_color=&#8220;#ffffff&#8220; button_bg_color=&#8220;#000000&#8243; button_icon=&#8220;&#x35;||divi||400&#8243; button_icon_color=&#8220;#ffffff&#8220; button_on_hover=&#8220;off&#8220; custom_margin=&#8220;50px||||false|false&#8220; global_colors_info=&#8220;{}&#8220;][\/et_pb_button][\/et_pb_column][et_pb_column type=&#8220;1_2&#8243; _builder_version=&#8220;4.16&#8243; _module_preset=&#8220;default&#8220; global_colors_info=&#8220;{}&#8220;][et_pb_image src=&#8220;https:\/\/judithfanto.nl\/wp-content\/uploads\/2021\/09\/Silhouette-origineel-Judith-Fanto-schrijver-auteur-spreker-1600&#215;1700-px-transpa.png&#8220; alt=&#8220;Judith Fanto&#8220; _builder_version=&#8220;4.16&#8243; _module_preset=&#8220;default&#8220; custom_padding_tablet=&#8220;&#8220; custom_padding_phone=&#8220;75px||||false|false&#8220; custom_padding_last_edited=&#8220;on|phone&#8220; global_colors_info=&#8220;{}&#8220;][\/et_pb_image][\/et_pb_column][\/et_pb_row][\/et_pb_section][et_pb_section fb_built=&#8220;1&#8243; _builder_version=&#8220;4.16&#8243; _module_preset=&#8220;default&#8220; background_color=&#8220;#1a1a1a&#8220; global_colors_info=&#8220;{}&#8220;][et_pb_row _builder_version=&#8220;4.16&#8243; _module_preset=&#8220;default&#8220; global_colors_info=&#8220;{}&#8220;][et_pb_column type=&#8220;4_4&#8243; _builder_version=&#8220;4.16&#8243; _module_preset=&#8220;default&#8220; global_colors_info=&#8220;{}&#8220;][et_pb_text _builder_version=&#8220;4.16&#8243; _module_preset=&#8220;default&#8220; text_text_color=&#8220;#FFFFFF&#8220; text_font_size=&#8220;13px&#8220; global_colors_info=&#8220;{}&#8220;]<\/p>\n<p>Copyright \u00a9 2020-2021 Judith Fanto | Styling &amp; Fotografie <strong><span style=\"color: #ffffff;\"><a href=\"https:\/\/www.daniellevandongen.nl\/\" target=\"_blank\" rel=\"noopener\" style=\"color: #ffffff;\">Dani\u00eblle van Dongen<\/a><\/span><\/strong> | Fotografie <strong><span style=\"color: #ffffff;\"><a href=\"https:\/\/www.medeahuisman.nl\/\" target=\"_blank\" rel=\"noopener\" style=\"color: #ffffff;\">Medea Huisman<\/a><\/span><\/strong> | Fotografie <span style=\"color: #ffffff;\"><strong><a href=\"https:\/\/vanbelkomproducties.nl\/\" target=\"_blank\" rel=\"noopener\" style=\"color: #ffffff;\">Henny van Belkom<\/a><\/strong><\/span> | Webdesign <span style=\"color: #ffffff;\"><strong><a href=\"https:\/\/www.paulaterpstra.nl\/\" target=\"_blank\" rel=\"noopener\" style=\"color: #ffffff;\">Paula Terpstra<\/a><\/strong><\/span> | Alle Rechte sind ausdr\u00fccklich vorbehalten. Diese Rechte liegen bei Judith Fanto und\/oder einem verbundenen Unternehmer oder Unternehmen. Es ist nicht gestattet, Texte, Bilder, Logos, Videoinhalte, Zeichnungen und\/oder anderes urheberrechtlich gesch\u00fctztes Material auf dieser Website ohne vorherige schriftliche Genehmigung von Judith Fanto zu kopieren, zu reproduzieren, zu speichern oder anderweitig \u00f6ffentlich zu machen. Die Judith Fanto-Website enth\u00e4lt auch Fotos, die dem Urheberrecht Dritter unterliegen. Missbrauch und Verletzung der Rechte von Judith Fanto werden aktiv aufgedeckt und behandelt. Wer dagegen verst\u00f6\u00dft, ist zum Ersatz des entstandenen Schadens, der entstandenen Ermittlungskosten und der Kosten der Rechtshilfe verpflichtet.<\/p>\n<p>[\/et_pb_text][\/et_pb_column][\/et_pb_row][\/et_pb_section]<\/p>\n","protected":false},"excerpt":{"rendered":"<p>Haarlem, Februar 1948. Manno Loch lebt und arbeitet als Kunstrestaurator in einem bescheidenen Atelierhaus in der Kokstraat. Eines Tages erh\u00e4lt er einen Umschlag, auf dem er die Handschrift einer ehemaligen Wiener Freundin erkennt. Dieser Brief erinnert ihn an seine Jugend in Haarlem und ab 1916 in Wien und an die Anf\u00e4nge des Freundeskreises, dem er [&hellip;]<\/p>\n","protected":false},"author":5,"featured_media":0,"parent":0,"menu_order":0,"comment_status":"closed","ping_status":"closed","template":"","meta":{"_et_pb_use_builder":"on","_et_pb_old_content":"","_et_gb_content_width":"","footnotes":""},"class_list":["post-14436","page","type-page","status-publish","hentry"],"_links":{"self":[{"href":"https:\/\/judithfanto.nl\/de\/wp-json\/wp\/v2\/pages\/14436","targetHints":{"allow":["GET"]}}],"collection":[{"href":"https:\/\/judithfanto.nl\/de\/wp-json\/wp\/v2\/pages"}],"about":[{"href":"https:\/\/judithfanto.nl\/de\/wp-json\/wp\/v2\/types\/page"}],"author":[{"embeddable":true,"href":"https:\/\/judithfanto.nl\/de\/wp-json\/wp\/v2\/users\/5"}],"replies":[{"embeddable":true,"href":"https:\/\/judithfanto.nl\/de\/wp-json\/wp\/v2\/comments?post=14436"}],"version-history":[{"count":9,"href":"https:\/\/judithfanto.nl\/de\/wp-json\/wp\/v2\/pages\/14436\/revisions"}],"predecessor-version":[{"id":14962,"href":"https:\/\/judithfanto.nl\/de\/wp-json\/wp\/v2\/pages\/14436\/revisions\/14962"}],"wp:attachment":[{"href":"https:\/\/judithfanto.nl\/de\/wp-json\/wp\/v2\/media?parent=14436"}],"curies":[{"name":"wp","href":"https:\/\/api.w.org\/{rel}","templated":true}]}}